{"id":1255,"date":"2022-01-18T22:47:49","date_gmt":"2022-01-18T22:47:49","guid":{"rendered":"https:\/\/mcaiafa.com\/obras\/?page_id=1255"},"modified":"2022-12-06T17:55:51","modified_gmt":"2022-12-06T20:55:51","slug":"presentacion","status":"publish","type":"page","link":"https:\/\/mcaiafa.com\/obras\/presentacion\/","title":{"rendered":"Presentaci\u00f3n"},"content":{"rendered":"\t\t<div data-elementor-type=\"wp-page\" data-elementor-id=\"1255\" class=\"elementor elementor-1255\">\n\t\t\t\t\t\t<section class=\"elementor-section elementor-top-section elementor-element elementor-element-6233d5b elementor-section-boxed elementor-section-height-default elementor-section-height-default\" data-id=\"6233d5b\" data-element_type=\"section\" data-e-type=\"section\" data-settings=\"{&quot;background_background&quot;:&quot;classic&quot;}\">\n\t\t\t\t\t\t\t<div class=\"elementor-background-overlay\"><\/div>\n\t\t\t\t\t\t\t<div class=\"elementor-container elementor-column-gap-no\">\n\t\t\t\t\t<div class=\"elementor-column elementor-col-66 elementor-top-column elementor-element elementor-element-4d7ad86\" data-id=\"4d7ad86\" data-element_type=\"column\" data-e-type=\"column\">\n\t\t\t<div class=\"elementor-widget-wrap elementor-element-populated\">\n\t\t\t\t\t\t<div class=\"elementor-element elementor-element-ef76ecd elementor-widget elementor-widget-heading\" data-id=\"ef76ecd\" data-element_type=\"widget\" data-e-type=\"widget\" data-widget_type=\"heading.default\">\n\t\t\t\t<div class=\"elementor-widget-container\">\n\t\t\t\t\t<h3 class=\"elementor-heading-title elementor-size-default\">Presentaci\u00f3n<\/h3>\t\t\t\t<\/div>\n\t\t\t\t<\/div>\n\t\t\t\t<div class=\"elementor-element elementor-element-b7f4b0a elementor-widget elementor-widget-text-editor\" data-id=\"b7f4b0a\" data-element_type=\"widget\" data-e-type=\"widget\" data-widget_type=\"text-editor.default\">\n\t\t\t\t<div class=\"elementor-widget-container\">\n\t\t\t\t\t\t\t\t\t<h4>Resumen Biogr\u00e1fico<\/h4><p>Nace en Montevideo Uruguay, 1969.<\/p><p>En 1992 egresa como Dise\u00f1ador Industrial (CDI) y en 2001 obtiene la Licenciatura en Artes de la Escuela Nacional de Bellas Artes (ENBA &#8211; UDELAR).<\/p><p>En 1993 estudia pintura en el taller Clever Lara. M\u00e1s adelante concurre al Taller de Quique Badar\u00f3.<\/p><p>Asiste a la ENBA, donde cursa el taller fundamental del Tola Invernizzi.<\/p><p>Desarrolla su obra utilizando t\u00e9cnicas tradicionales de dibujo, pintura al \u00f3leo y acr\u00edlica, y posteriormente t\u00e9cnicas digitales.<\/p><p>Su obra de car\u00e1cter l\u00fadico y marcado cromatismo incursiona en varios temas que persisten a lo largo de su producci\u00f3n: la naturaleza y su relaci\u00f3n con los seres humanos y la cuesti\u00f3n de la\u00a0 civilizaci\u00f3n.<\/p><p>Con un estilo personal, a veces naif, a veces abstracto, siempre con un proceder surrealista aborda las im\u00e1genes que surgen como continuo en un sue\u00f1o, buscando la armon\u00eda sin perder la profundidad y sorpresa.<\/p><h3>CV<\/h3><h4>Formaci\u00f3n<\/h4><p><strong>1994 \u2013 2001 <\/strong>| <em>Licenciado en Artes, Artes Pl\u00e1sticas y Visuales.<\/em> Escuela Nacional de Bellas Artes, Universidad Mayor de la Rep\u00fablica UDELAR.<\/p><p><strong>1994 &#8211; 1996<\/strong> | Talleres de Expresi\u00f3n de \u00abQuique \u00bb Badar\u00f3<\/p><p><strong>1993<\/strong> | Taller de Pintura de de Clever Lara y Taller<\/p><p><strong>1988 \u2013 1992<\/strong> | <em>Dise\u00f1ador Industrial<\/em> \u2013 CDI: Centro de Dise\u00f1o Industrial, Ministerio de Educaci\u00f3n y Cultura.<\/p><p><strong>1992<\/strong> | Beca: \u201cBorse di studio 1992\u201d (Cooperazione Italiana allo Sviluppo, Centro Analisi Sociale). Lugar: Italia, Roma &#8211; Florencia &#8211; Bari.<\/p><h4>Distinciones<\/h4><p><strong>2018<\/strong> | Obra seleccionada y expuesta en el 20\u00b0 Sal\u00f3n de Pintura Mar\u00edtima del Club Naval<\/p><p><strong>2016<\/strong>| Obra seleccionada y expuesta en el 19\u00b0 Sal\u00f3n de Pintura Mar\u00edtima del Club Naval<\/p><p><strong>2003 \u2013 2010 <\/strong>| En este per\u00edodo son seleccionados 1 o 2 dise\u00f1os por a\u00f1o para las Tarjetas de Aldeas Infantiles. Un dise\u00f1o es utilizado en Polonia y otro en Argentina.<\/p><p><strong>2003<\/strong> | Afiche para la 26a Feria Internacional del Libro (Finalista).<\/p><p><strong>1997<\/strong> | Primer Gran Premio en la Bienal Internacional de Dise\u00f1o 97, Herman Miller (Tema: Proyecto de dise\u00f1o para un Equipamiento Preescolar).<\/p><p><strong>1995<\/strong> | Logotipo y bandera para la Facultad de Psicolog\u00eda (1er premio).<\/p><p><strong>1994<\/strong> | Logotipo para el Censo 95\u00b4 (dos -2- menciones).<\/p><p><strong>1992<\/strong> | Logotipo para la Facultad de Ingenier\u00eda (2\u00ba premio).<\/p><p><strong>1991<\/strong> | Logotipo para la Sala de Conferencias de la IMM (menci\u00f3n).<\/p><h4>Exposiciones<\/h4><p><strong>2018<\/strong> | Exposici\u00f3n Club Naval seleccionados 20\u00b0 Sal\u00f3n de Pintura Mar\u00edtima<\/p><p><strong>2016<\/strong> | APU \u2013 Asociaci\u00f3n Psicoanal\u00edtica del Uruguay<\/p><p><strong>2016<\/strong> | Exposici\u00f3n Club Naval seleccionados 19\u00b0 Sal\u00f3n de Pintura Mar\u00edtima<\/p><p><strong>2016<\/strong> | Yacht Club de Punta del Este<\/p><p><strong>2015<\/strong> | Espacio IMPO<\/p><p><strong>2010<\/strong> | Cabildo de Montevideo: 50 a\u00f1os de Aldeas Infantiles.<\/p><p><strong>2002<\/strong> | Exposici\u00f3n de Pintura en el Espacio de Exposiciones de ORT.<\/p><p><strong>2001<\/strong> | Exposici\u00f3n de Pintura: \u00abEngraf\u00edas\u00bb. Galer\u00eda del Notariado.<\/p><p><strong>1999<\/strong> | Publicaci\u00f3n de obras en la revista digital-cultural (formato CD-Room) \u00abLa Zona\u00bb, n\u00famero 3, agosto\/99.<\/p><p><strong>1998<\/strong> | Arte Digital (Proyecci\u00f3n con \u00abca\u00f1\u00f3n\u00bb de trabajos digitales,<br \/>Explanada de la IMM)<\/p><p><strong>1997<\/strong> | \u201cConocimiento\u201d, obra conceptual (ENBA, Escuela Nacional de Bellas Artes)<\/p><p><strong>1997<\/strong> | Sala de Exposiciones del Victoria Plaza (Proyecto de dise\u00f1o que obtuvo el 1er Premio: Bienal Internacional de Dise\u00f1o Herman Miller)<\/p><p><strong>1997<\/strong> | Performance en el Parque Rod\u00f3 (Taller Badar\u00f3 Nadal).<\/p><p><strong>1995<\/strong> | Colectiva \u2013 Sala de Exposiciones LATU \u201cDise\u00f1o en Uruguay\u201d<\/p><h4>Docencia<\/h4><p><strong>1992 \u2013 2000<\/strong> | En este per\u00edodo ejerci\u00f3 la docencia como Profesor Titular y Profesor Adjunto del Centro de Dise\u00f1o Industrial en varias materias, talleres, cursos de grado y de posgrado y en diferentes entornos de aprendizaje: Inform\u00e1tica aplicada a la Gr\u00e1fica, Dise\u00f1o Gr\u00e1fico, \u00a0Imagen Corporativa, Dise\u00f1o y Creatividad.<br \/>Tambi\u00e9n desarroll\u00f3 e imparti\u00f3 talleres de software en el sector privado.<\/p>\t\t\t\t\t\t\t\t<\/div>\n\t\t\t\t<\/div>\n\t\t\t\t\t<\/div>\n\t\t<\/div>\n\t\t\t\t<div class=\"elementor-column elementor-col-33 elementor-top-column elementor-element elementor-element-03a6bc5\" data-id=\"03a6bc5\" data-element_type=\"column\" data-e-type=\"column\">\n\t\t\t<div class=\"elementor-widget-wrap elementor-element-populated\">\n\t\t\t\t\t\t<div class=\"elementor-element elementor-element-02ae585 elementor-widget elementor-widget-image\" data-id=\"02ae585\" data-element_type=\"widget\" data-e-type=\"widget\" data-widget_type=\"image.default\">\n\t\t\t\t<div class=\"elementor-widget-container\">\n\t\t\t\t\t\t\t\t\t\t\t\t\t\t\t<img fetchpriority=\"high\" decoding=\"async\" width=\"300\" height=\"252\" src=\"https:\/\/mcaiafa.com\/obras\/wp-content\/uploads\/2022\/01\/avatar_2019_vt4-300x252.jpg\" class=\"attachment-medium size-medium wp-image-1233\" alt=\"Retrato el mount Philo, Vermont - Marcelo Caiafa\" srcset=\"https:\/\/mcaiafa.com\/obras\/wp-content\/uploads\/2022\/01\/avatar_2019_vt4-300x252.jpg 300w, https:\/\/mcaiafa.com\/obras\/wp-content\/uploads\/2022\/01\/avatar_2019_vt4-1024x859.jpg 1024w, https:\/\/mcaiafa.com\/obras\/wp-content\/uploads\/2022\/01\/avatar_2019_vt4-768x644.jpg 768w, https:\/\/mcaiafa.com\/obras\/wp-content\/uploads\/2022\/01\/avatar_2019_vt4-1536x1289.jpg 1536w, https:\/\/mcaiafa.com\/obras\/wp-content\/uploads\/2022\/01\/avatar_2019_vt4-800x671.jpg 800w, https:\/\/mcaiafa.com\/obras\/wp-content\/uploads\/2022\/01\/avatar_2019_vt4.jpg 1902w\" sizes=\"(max-width: 300px) 100vw, 300px\" \/>\t\t\t\t\t\t\t\t\t\t\t\t\t\t\t<\/div>\n\t\t\t\t<\/div>\n\t\t\t\t\t<\/div>\n\t\t<\/div>\n\t\t\t\t\t<\/div>\n\t\t<\/section>\n\t\t\t\t<\/div>\n\t\t","protected":false},"excerpt":{"rendered":"<p>Presentaci\u00f3n Resumen Biogr\u00e1fico Nace en Montevideo Uruguay, 1969. En 1992 egresa como Dise\u00f1ador Industrial (CDI) y en 2001 obtiene la Licenciatura en Artes de la Escuela Nacional de Bellas Artes (ENBA &#8211; UDELAR). En 1993 estudia pintura en el taller Clever Lara. M\u00e1s adelante concurre al Taller de Quique Badar\u00f3. Asiste a la ENBA, donde [&hellip;]<\/p>\n","protected":false},"author":1,"featured_media":0,"parent":0,"menu_order":0,"comment_status":"closed","ping_status":"closed","template":"","meta":{"site-sidebar-layout":"no-sidebar","site-content-layout":"page-builder","ast-site-content-layout":"default","site-content-style":"default","site-sidebar-style":"default","ast-global-header-display":"","ast-banner-title-visibility":"","ast-main-header-display":"","ast-hfb-above-header-display":"","ast-hfb-below-header-display":"","ast-hfb-mobile-header-display":"","site-post-title":"disabled","ast-breadcrumbs-content":"disabled","ast-featured-img":"disabled","footer-sml-layout":"","ast-disable-related-posts":"","theme-transparent-header-meta":"enabled","adv-header-id-meta":"","stick-header-meta":"","header-above-stick-meta":"","header-main-stick-meta":"","header-below-stick-meta":"","astra-migrate-meta-layouts":"default","ast-page-background-enabled":"default","ast-page-background-meta":{"desktop":{"background-color":"","background-image":"","background-repeat":"repeat","background-position":"center center","background-size":"auto","background-attachment":"scroll","background-type":"","background-media":"","overlay-type":"","overlay-color":"","overlay-opacity":"","overlay-gradient":""},"tablet":{"background-color":"","background-image":"","background-repeat":"repeat","background-position":"center center","background-size":"auto","background-attachment":"scroll","background-type":"","background-media":"","overlay-type":"","overlay-color":"","overlay-opacity":"","overlay-gradient":""},"mobile":{"background-color":"","background-image":"","background-repeat":"repeat","background-position":"center center","background-size":"auto","background-attachment":"scroll","background-type":"","background-media":"","overlay-type":"","overlay-color":"","overlay-opacity":"","overlay-gradient":""}},"ast-content-background-meta":{"desktop":{"background-color":"var(--ast-global-color-5)","background-image":"","background-repeat":"repeat","background-position":"center center","background-size":"auto","background-attachment":"scroll","background-type":"","background-media":"","overlay-type":"","overlay-color":"","overlay-opacity":"","overlay-gradient":""},"tablet":{"background-color":"var(--ast-global-color-5)","background-image":"","background-repeat":"repeat","background-position":"center center","background-size":"auto","background-attachment":"scroll","background-type":"","background-media":"","overlay-type":"","overlay-color":"","overlay-opacity":"","overlay-gradient":""},"mobile":{"background-color":"var(--ast-global-color-5)","background-image":"","background-repeat":"repeat","background-position":"center center","background-size":"auto","background-attachment":"scroll","background-type":"","background-media":"","overlay-type":"","overlay-color":"","overlay-opacity":"","overlay-gradient":""}},"footnotes":""},"class_list":["post-1255","page","type-page","status-publish","hentry"],"_links":{"self":[{"href":"https:\/\/mcaiafa.com\/obras\/wp-json\/wp\/v2\/pages\/1255","targetHints":{"allow":["GET"]}}],"collection":[{"href":"https:\/\/mcaiafa.com\/obras\/wp-json\/wp\/v2\/pages"}],"about":[{"href":"https:\/\/mcaiafa.com\/obras\/wp-json\/wp\/v2\/types\/page"}],"author":[{"embeddable":true,"href":"https:\/\/mcaiafa.com\/obras\/wp-json\/wp\/v2\/users\/1"}],"replies":[{"embeddable":true,"href":"https:\/\/mcaiafa.com\/obras\/wp-json\/wp\/v2\/comments?post=1255"}],"version-history":[{"count":59,"href":"https:\/\/mcaiafa.com\/obras\/wp-json\/wp\/v2\/pages\/1255\/revisions"}],"predecessor-version":[{"id":1535,"href":"https:\/\/mcaiafa.com\/obras\/wp-json\/wp\/v2\/pages\/1255\/revisions\/1535"}],"wp:attachment":[{"href":"https:\/\/mcaiafa.com\/obras\/wp-json\/wp\/v2\/media?parent=1255"}],"curies":[{"name":"wp","href":"https:\/\/api.w.org\/{rel}","templated":true}]}}